{"id":403,"date":"2021-02-22T10:48:36","date_gmt":"2021-02-22T15:48:36","guid":{"rendered":"https:\/\/specialprojects.wlu.ca\/fosteringpluralism\/?page_id=403"},"modified":"2021-02-23T16:12:48","modified_gmt":"2021-02-23T21:12:48","slug":"media-coverage-iksv-report","status":"publish","type":"page","link":"https:\/\/specialprojects.wlu.ca\/fosteringpluralism\/media-coverage-iksv-report\/","title":{"rendered":"Media Coverage iKSV report"},"content":{"rendered":"\n<p><strong>Newspaper<\/strong><\/p>\n\n\n\n<ul class=\"wp-block-list\"><li>Alphan, M. (2018, August 5).&nbsp;<a href=\"http:\/\/web.interpress.com\/app\/document\/viewer\/63c71766-64ed-4d17-a77c-00b4e0d10d0c?cid=2vvwmnzudwg%3D\">Birlikte ya\u015fama yolu<\/a>.&nbsp;<em>Cumhuriyet Pazar.&nbsp;<\/em><\/li><li>Benmayor, G. (2018, August 1).<a href=\"http:\/\/www.hurriyet.com.tr\/yazarlar\/gila-benmayor\/iksvnin-son-raporu-farkli-olup-birlikte-yasamanin-anahtarini-veriyor-40914409\">&nbsp;\u0130KSV\u2019nin son raporu, farkl\u0131 olup birlikte ya\u015faman\u0131n anahtar\u0131n\u0131 veriyor.&nbsp;<\/a><em>H\u00fcrriyet<\/em>.<\/li><li><a href=\"http:\/\/haberci.ajanspress.com.tr\/pad\/press\/Nzk2NDc5NjgmMSY3ODQmMCYx?customer=7c8d86fa-b282-de11-a19f-000c2900b695&amp;sid=1910\">Birlikte ya\u015famak i\u00e7in sanat.<\/a>&nbsp;(2018, July 29).&nbsp;<em>Cumhuriyet<\/em>.&nbsp;<\/li><li><a href=\"http:\/\/www.milliyet.com.tr\/birlikte-yasamak-uzerine-gundem-2714441\/\">Birlikte ya\u015famak \u00fczerine<\/a>. (2018, July 27).&nbsp;<em>Milliyet<\/em>. Retrieved from&nbsp;<\/li><li>Ergun, S. (2018, August 8)<a href=\"https:\/\/www.haberturk.com\/yazarlar\/serfiraz-ergun-2502\/2089537-iksv-2018-kultur-politikasi-raporu-birlikte-yasamak\">&nbsp;\u0130KSV 2018 K\u00fclt\u00fcr Politikas\u0131 Raporu &#8216;Birlikte Ya\u015famak&#8217;.&nbsp;<\/a><em>HaberTurk<\/em>.&nbsp;<\/li><li>Karag\u00f6z, S. (2018, August 4).&nbsp;<a href=\"http:\/\/haberci.ajanspress.com.tr\/pad\/press\/Nzk4NDg2ODQmMSY3ODQmMCYx?customer=7c8d86fa-b282-de11-a19f-000c2900b695&amp;sid=1910\">Birlikte \u00c7o\u011falmak.<\/a>&nbsp;<em>Milliyet<\/em>.&nbsp;<\/li><li><a href=\"http:\/\/haberci.ajanspress.com.tr\/pad\/press\/Nzk2NDQwNDAmMSY3ODQmMCYx?customer=7c8d86fa-b282-de11-a19f-000c2900b695&amp;sid=1910\">K\u00fclt\u00fcr Politikalar\u0131 Raporu.<\/a>&nbsp;(2018, July 29).&nbsp;<em>G\u00fcnl\u00fck Evrensel<\/em>.&nbsp;<\/li><li><a href=\"http:\/\/haberci.ajanspress.com.tr\/pad\/press\/Nzk2NTY4MjkmMSY3ODQmMCYx?customer=7c8d86fa-b282-de11-a19f-000c2900b695&amp;sid=1910\">K\u00fclt\u00fcrel \u00e7o\u011fulculu\u011fu sanat yoluyla geli\u015ftirmeli.&nbsp;<\/a>(2018, July 29).&nbsp;<em>\u0130stanbul Gazetesi.&nbsp;<\/em><\/li><li>\u00d6zyurt, O. (2018, August 5).&nbsp;<a href=\"https:\/\/www.sabah.com.tr\/pazar\/2018\/08\/05\/avrupada-yeni-sag-hl-farkliligi-reddediyor\">Avrupa\u2019da yeni sa\u011f h\u00e2l\u00e2 farkl\u0131l\u0131\u011f\u0131 reddediyor.&nbsp;<\/a><em>Sabah<\/em>.<\/li><li>\u015eahinler Demir, S. (2018, July 28).&nbsp;<a href=\"https:\/\/www.yenisafak.com\/hayat\/multeci-onyargisisanatla-kirilabilir-3386471\">M\u00fclteci \u00f6nyarg\u0131s\u0131 sanatla k\u0131r\u0131labilir.&nbsp;<\/a><em>Yeni \u015eafak<\/em>.&nbsp;<\/li><\/ul>\n\n\n\n<p><strong>Television<\/strong><\/p>\n\n\n\n<ul class=\"wp-block-list\"><li>BBC World News: <a href=\"https:\/\/specialprojects.wlu.ca\/fosteringpluralism\/iksv-report-featured-on-bbc-world-news-oct-17-2018\/\">Refugee Arts<\/a> (2018, October 18)<\/li><li>TRT World (2018, August 3)<strong>.\u00a0<\/strong><a href=\"http:\/\/https\/\/www.youtube.com\/watch?v=3DIGiBcgp44]\"><em>Living Together: Fostering cultural pluralism through the arts<\/em>\u00a0[Video file<\/a>]. Showcase [Online Broadcast].\u00a0<\/li><li>Medyascope (2018, July 30).\u00a0<a href=\"https:\/\/youtu.be\/T9peRWhRn-A\"><em>Birlikte ya\u015famak &#8211; K\u00fclt\u00fcrel \u00e7o\u011fulculu\u011fu sanat yoluyla de\u011fi\u015ftirmek\u00a0<\/em>[Video file]<\/a>. \u015eehir Hepimizin [Online Broadcast].<\/li><\/ul>\n\n\n\n<p><strong>Radio<\/strong><\/p>\n\n\n\n<ul class=\"wp-block-list\"><li>A\u00e7\u0131k Radyo. (2018, July 31).&nbsp;<a href=\"http:\/\/acikradyo.com.tr\/acik-dergi\/birlikte-yasamak-kulturel-cogulculugu-sanat-yoluyla-gelistirmek-mumkun-mu\"><em>Birlikte Ya\u015famak: K\u00fclt\u00fcrel \u00c7o\u011fulculu\u011fu Sanat Yoluyla Geli\u015ftirmek, M\u00fcmk\u00fcn m\u00fc?<\/em>&nbsp;[Radio Broadcast].<\/a><\/li><\/ul>\n\n\n\n<p><strong>Online media<\/strong><\/p>\n\n\n\n<ul class=\"wp-block-list\"><li>Akbulut, K. K. (2018, August 1)<a href=\"https:\/\/www.getrevue.co\/profile\/kultiginakbulut\/issues\/birlikte-nasil-yasayacagiz-galeriler-yazin-ne-yapar-dunyadan-haberler-kampanya-ne-durumda-125674\">.&nbsp;<em>G\u00fcncel Sanat B\u00fclteni<\/em>.<\/a>&nbsp;<\/li><li>Akbulut, K. K. (2018, August 10).<a href=\"https:\/\/www.gazeteduvar.com.tr\/yazarlar\/2018\/08\/10\/falafel-suriyeliler-ve-bizim-cocuklar\/\">&nbsp;Falafel, Suriyeliler ve bizim \u00e7ocuklar.&nbsp;<\/a><em>Gazete Duvar.<\/em><\/li><li>Alt\u0131ok Akatl\u0131, Z. (2018, July 27).&nbsp;<a href=\"https:\/\/www.birgun.net\/haber-detay\/devlet-insan-ve-sanat-224997.html\">Devlet, insan ve sanat.<\/a>&nbsp;<em>Birg\u00fcn.<\/em><\/li><li>Erciyes, C. (2018, August 6).&nbsp;<a href=\"https:\/\/www.gazeteduvar.com.tr\/yazarlar\/2018\/08\/06\/arap-arkadasiniz-var-mi\/\">Arap arkada\u015f\u0131n\u0131z var m\u0131?&nbsp;<\/a><em>Gazete Duvar<\/em>.&nbsp;<\/li><li>\u0130KSV Yedinci K\u00fclt\u00fcr Politikalar\u0131 Raporu Yay\u0131mland\u0131. (2018, July 28).&nbsp;<a href=\"http:\/\/www.otekisinema.com\/iksv-kultur-politikalari-raporu\/\"><em>Otekisinema.com<\/em><\/a>.<\/li><li><a href=\"http:\/\/m.t24.com.tr\/haber\/iksvden-cogulculuk-raporu-birlikte-yasamak,676482?utm_medium=social&amp;utm_content=sharebutton&amp;utm_source=twitter\">\u0130KSV&#8217;den \u00e7o\u011fulculuk Raporu: Birlikte Ya\u015famak.<\/a>&nbsp;(2018, August 11).&nbsp;<em>T24<\/em>.&nbsp;<\/li><li>\u0130KSV\u2019den yeni rapor: \u2018<a href=\"https:\/\/kulturlimited.com\/2018\/07\/30\/iksvden-yeni-rapor-birlikte-yasamak-kulturel-cogulculugu-sanat-yoluyla-gelistirmek\/\">\u2018Birlikte Ya\u015famak \/ K\u00fclt\u00fcrel \u00c7o\u011fulculu\u011fu Sanat Yoluyla Geli\u015ftirmek\u2019\u2019.<\/a>&nbsp;(2018, July 30).&nbsp;<em>k\u00fclt\u00fcr.limited<\/em>.&nbsp;<\/li><li>Tarcan, P. (2018, August 11).<a href=\"http:\/\/m.bianet.org\/biamag\/sanat\/199898-birlikte-yasayabilmek-icin-sanat-formulu\">&nbsp;&#8220;Birlikte Ya\u015fayabilmek&#8221; \u0130\u00e7in Sanat Form\u00fcl\u00fc.&nbsp;<\/a><em>B\u0130A Haber<\/em>.<\/li><\/ul>\n","protected":false},"excerpt":{"rendered":"<p>Newspaper Alphan, M. (2018, August 5).&nbsp;Birlikte ya\u015fama yolu.&nbsp;Cumhuriyet Pazar.&nbsp; Benmayor, G. (2018, August 1).&nbsp;\u0130KSV\u2019nin son raporu, farkl\u0131 olup birlikte ya\u015faman\u0131n anahtar\u0131n\u0131 veriyor.&nbsp;H\u00fcrriyet. Birlikte ya\u015famak i\u00e7in sanat.&nbsp;(2018, July 29).&nbsp;Cumhuriyet.&nbsp; Birlikte ya\u015famak \u00fczerine. (2018, July 27).&nbsp;Milliyet. Retrieved from&nbsp; Ergun, S. (2018, August 8)&nbsp;\u0130KSV 2018 K\u00fclt\u00fcr Politikas\u0131 Raporu &#8216;Birlikte Ya\u015famak&#8217;.&nbsp;HaberTurk.&nbsp; Karag\u00f6z, S. (2018, August 4).&nbsp;Birlikte \u00c7o\u011falmak.&nbsp;Milliyet.&nbsp; K\u00fclt\u00fcr Politikalar\u0131 &hellip; <\/p>\n<p class=\"link-more\"><a href=\"https:\/\/specialprojects.wlu.ca\/fosteringpluralism\/media-coverage-iksv-report\/\" class=\"more-link\">Continue reading<span class=\"screen-reader-text\"> &#8220;Media Coverage iKSV report&#8221;<\/span><\/a><\/p>\n","protected":false},"author":18,"featured_media":0,"parent":0,"menu_order":0,"comment_status":"closed","ping_status":"closed","template":"","meta":{"_acf_changed":false,"ngg_post_thumbnail":0,"footnotes":""},"class_list":["post-403","page","type-page","status-publish","hentry"],"acf":[],"_links":{"self":[{"href":"https:\/\/specialprojects.wlu.ca\/fosteringpluralism\/wp-json\/wp\/v2\/pages\/403","targetHints":{"allow":["GET"]}}],"collection":[{"href":"https:\/\/specialprojects.wlu.ca\/fosteringpluralism\/wp-json\/wp\/v2\/pages"}],"about":[{"href":"https:\/\/specialprojects.wlu.ca\/fosteringpluralism\/wp-json\/wp\/v2\/types\/page"}],"author":[{"embeddable":true,"href":"https:\/\/specialprojects.wlu.ca\/fosteringpluralism\/wp-json\/wp\/v2\/users\/18"}],"replies":[{"embeddable":true,"href":"https:\/\/specialprojects.wlu.ca\/fosteringpluralism\/wp-json\/wp\/v2\/comments?post=403"}],"version-history":[{"count":2,"href":"https:\/\/specialprojects.wlu.ca\/fosteringpluralism\/wp-json\/wp\/v2\/pages\/403\/revisions"}],"predecessor-version":[{"id":673,"href":"https:\/\/specialprojects.wlu.ca\/fosteringpluralism\/wp-json\/wp\/v2\/pages\/403\/revisions\/673"}],"wp:attachment":[{"href":"https:\/\/specialprojects.wlu.ca\/fosteringpluralism\/wp-json\/wp\/v2\/media?parent=403"}],"curies":[{"name":"wp","href":"https:\/\/api.w.org\/{rel}","templated":true}]}}